{"id":74,"date":"2015-05-27T15:45:02","date_gmt":"2015-05-27T15:45:02","guid":{"rendered":"http:\/\/pencidesign.com\/soledad\/?page_id=74"},"modified":"2020-04-10T18:09:21","modified_gmt":"2020-04-10T16:09:21","slug":"contact-me","status":"publish","type":"page","link":"https:\/\/www.mamyfactory.com\/blog\/contact-me\/","title":{"rendered":"Contact"},"content":{"rendered":"<p>Une question, un commentaire, Vous voulez collaborez avec nous? Nous aimons entendre vos avis! Ecrivez nous et nous vous repondrons des que possible. Nous sommes joignables egalement sur nos reseaux sociaux Instagram #mamyfactory et notre compte facebook<\/p>\n<p><\/p>\n<p>Have a question, a comment? Want to collaborate in some way? Just have something nice to say? I\u2019d love to hear from you! Shoot me a message below and we\u2019ll be sure to get back to you as soon as I can. Thanks! Feel free to DM on&nbsp;#mamyfactory or on our FB account<\/p>\n<ul>\n<li><strong>Adress:<\/strong>&nbsp; 8 rue des Saussaies, Paris, France<\/li>\n<li><strong>Email:<\/strong>&nbsp; allomamy@mamyfactory.com<\/li>\n<\/ul>\n[contact-form-7 404 \"Non trouv\u00e9\"]\n\n\n<figure class=\"wp-block-image\"><a href=\"https:\/\/www.mamyfactory.com\/fr\/modeles-tricot-bebe-enfants\/2122-modele-tricot-cagoule-pour-bebe-3760302341122.html\"><img loading=\"lazy\" decoding=\"async\" width=\"683\" height=\"1024\" src=\"https:\/\/www.mamyfactory.com\/blog\/wp-content\/uploads\/2019\/06\/PHOTOUP-30MARS2019-MAMY-FACTORY-4-683x1024.jpg\" alt=\"\" class=\"wp-image-1356\" srcset=\"https:\/\/www.mamyfactory.com\/blog\/wp-content\/uploads\/2019\/06\/PHOTOUP-30MARS2019-MAMY-FACTORY-4-683x1024.jpg 683w, https:\/\/www.mamyfactory.com\/blog\/wp-content\/uploads\/2019\/06\/PHOTOUP-30MARS2019-MAMY-FACTORY-4-200x300.jpg 200w, https:\/\/www.mamyfactory.com\/blog\/wp-content\/uploads\/2019\/06\/PHOTOUP-30MARS2019-MAMY-FACTORY-4-768x1152.jpg 768w, https:\/\/www.mamyfactory.com\/blog\/wp-content\/uploads\/2019\/06\/PHOTOUP-30MARS2019-MAMY-FACTORY-4-1170x1755.jpg 1170w, https:\/\/www.mamyfactory.com\/blog\/wp-content\/uploads\/2019\/06\/PHOTOUP-30MARS2019-MAMY-FACTORY-4-1920x2880.jpg 1920w, https:\/\/www.mamyfactory.com\/blog\/wp-content\/uploads\/2019\/06\/PHOTOUP-30MARS2019-MAMY-FACTORY-4-585x878.jpg 585w\" sizes=\"(max-width: 683px) 100vw, 683px\" \/><\/a><\/figure>\n\n\n\n<figure class=\"wp-block-image size-large\"><a href=\"https:\/\/www.mamyfactory.com\/fr\/nos-modeles-et-livres-tricot\/2177-modele-crochet-masque-renard.html\"><img decoding=\"async\" src=\"https:\/\/www.mamyfactory.com\/blog\/wp-content\/uploads\/2020\/04\/DSC_4693-683x1024.jpg\" alt=\"\" class=\"wp-image-1475\"\/><\/a><figcaption><a rel=\"noreferrer noopener\" href=\"https:\/\/www.mamyfactory.com\/fr\/nos-modeles-et-livres-tricot\/2177-modele-crochet-masque-renard.html\" target=\"_blank\"><a rel=\"noreferrer noopener\" href=\"https:\/\/www.mamyfactory.com\/fr\/nos-modeles-et-livres-tricot\/2177-modele-crochet-masque-renard.html\" target=\"_blank\">Le Masque renard: un mod\u00e8le au crochet iconique de la derni\u00e8re collection de Mamy Factor<\/a>y<\/a>! A tricoter avec nos <a rel=\"noreferrer noopener\" href=\"https:\/\/www.mamyfactory.com\/fr\/165-laine-archiduchesse-cachemire-merinos\" target=\"_blank\">laines Archiduchesse<\/a>!<\/figcaption><\/figure>\n\n\n\n<figure class=\"wp-block-image size-large\"><a href=\"https:\/\/www.mamyfactory.com\/fr\/nos-modeles-et-livres-tricot\/2185-modele-tricot-pull-noe.html\"><img decoding=\"async\" src=\"https:\/\/www.mamyfactory.com\/blog\/wp-content\/uploads\/2020\/04\/DSC_5156-683x1024.jpg\" alt=\"\" class=\"wp-image-1477\"\/><\/a><figcaption><a href=\"https:\/\/www.mamyfactory.com\/fr\/nos-modeles-et-livres-tricot\/2185-modele-tricot-pull-noe.html\" target=\"_blank\" rel=\"noreferrer noopener\">Le pull Noe: un pull tout doux au point de nid d&rsquo;abeille<\/a> ! A tricoter avec <a href=\"https:\/\/www.mamyfactory.com\/fr\/165-laine-archiduchesse-cachemire-merinos\" target=\"_blank\" rel=\"noreferrer noopener\">nos laines Archiduchesse<\/a>!<\/figcaption><\/figure>\n\n\n\n<figure class=\"wp-block-image size-large\"><a href=\"https:\/\/www.mamyfactory.com\/fr\/nos-modeles-et-livres-tricot\/2189-modele-tricot-turban-amelie.html\"><img decoding=\"async\" src=\"https:\/\/www.mamyfactory.com\/blog\/wp-content\/uploads\/2020\/04\/DSC_5316-683x1024.jpg\" alt=\"\" class=\"wp-image-1478\"\/><\/a><figcaption><br>Le nouveau turban Ann\u00e9es 20 Mamy Factory: <a href=\"https:\/\/www.mamyfactory.com\/fr\/nos-modeles-et-livres-tricot\/2189-modele-tricot-turban-amelie.html\" target=\"_blank\" rel=\"noreferrer noopener\">le turban Am\u00e9lie<\/a> en <a href=\"https:\/\/www.mamyfactory.com\/fr\/170-laine-mohair-soie-merveilleuse\" target=\"_blank\" rel=\"noreferrer noopener\">laine Merveilleuse<\/a>!<\/figcaption><\/figure>\n\n\n\n<figure class=\"wp-block-image size-large\"><a href=\"https:\/\/www.mamyfactory.com\/fr\/nos-modeles-et-livres-tricot\/2174-modele-tricot-gilet-perrine-enfants.html\"><img decoding=\"async\" src=\"https:\/\/www.mamyfactory.com\/blog\/wp-content\/uploads\/2020\/04\/DSC_5721-1-683x1024.jpg\" alt=\"\" class=\"wp-image-1479\"\/><\/a><figcaption><br><a href=\"https:\/\/www.mamyfactory.com\/fr\/nos-modeles-et-livres-tricot\/2174-modele-tricot-gilet-perrine-enfants.html\" target=\"_blank\" rel=\"noreferrer noopener\">Le gilet Perrine: le gilet ajour\u00e9 revisit\u00e9 Par Mamy Factory!<\/a> une pi\u00e8ce pour vos anniversaires ou c\u00e9r\u00e9monies! \u00e0 tricoter en <a href=\"https:\/\/www.mamyfactory.com\/fr\/165-laine-archiduchesse-cachemire-merinos\" target=\"_blank\" rel=\"noreferrer noopener\">laine Archiduchesse!<\/a><\/figcaption><\/figure>\n","protected":false},"excerpt":{"rendered":"<p>Une question, un commentaire, Vous voulez collaborez avec nous? Nous aimons entendre vos avis! Ecrivez nous et nous vous repondrons des que possible. Nous sommes joignables egalement sur nos reseaux&hellip;<\/p>\n","protected":false},"author":2,"featured_media":0,"parent":0,"menu_order":0,"comment_status":"open","ping_status":"open","template":"page-sidebar.php","meta":{"footnotes":""},"_links":{"self":[{"href":"https:\/\/www.mamyfactory.com\/blog\/wp-json\/wp\/v2\/pages\/74"}],"collection":[{"href":"https:\/\/www.mamyfactory.com\/blog\/wp-json\/wp\/v2\/pages"}],"about":[{"href":"https:\/\/www.mamyfactory.com\/blog\/wp-json\/wp\/v2\/types\/page"}],"author":[{"embeddable":true,"href":"https:\/\/www.mamyfactory.com\/blog\/wp-json\/wp\/v2\/users\/2"}],"replies":[{"embeddable":true,"href":"https:\/\/www.mamyfactory.com\/blog\/wp-json\/wp\/v2\/comments?post=74"}],"version-history":[{"count":4,"href":"https:\/\/www.mamyfactory.com\/blog\/wp-json\/wp\/v2\/pages\/74\/revisions"}],"predecessor-version":[{"id":1480,"href":"https:\/\/www.mamyfactory.com\/blog\/wp-json\/wp\/v2\/pages\/74\/revisions\/1480"}],"wp:attachment":[{"href":"https:\/\/www.mamyfactory.com\/blog\/wp-json\/wp\/v2\/media?parent=74"}],"curies":[{"name":"wp","href":"https:\/\/api.w.org\/{rel}","templated":true}]}}